{"id":50,"date":"2018-08-07T11:20:15","date_gmt":"2018-08-07T11:20:15","guid":{"rendered":"http:\/\/rikscha-freiburg.de\/?page_id=50"},"modified":"2018-08-10T17:39:20","modified_gmt":"2018-08-10T17:39:20","slug":"services","status":"publish","type":"page","link":"http:\/\/rikscha-freiburg.de\/?page_id=50","title":{"rendered":"Angebote"},"content":{"rendered":"<p>Sie k\u00f6nnen sich spontan entscheiden, oder Sie rufen uns an und vereinbaren einen Termin f\u00fcr Ihre Fahrt. Gerne laden wir Sie ein zu einer Altstadttour zu Freibugs sch\u00f6nsten Pl\u00e4tzen, ein ortskundiger Fahrer\u00a0 stellt Ihnen die zentralen Orte und Bauwerke vor. Oder Sie entscheiden sich, den alternativen Stadtteil Vauban kennenzulernen und\u00a0 erleben auf dem Weg Freiburgs bezaubernden Stadtteil \u201eWiehre\u201c.<\/p>\n<p>Wenn Sie Natur direkt erleben wollen, bringen wir Sie gerne mit unserer E-Rikscha ins bezaubernde Dreisamtal. Oder Sie g\u00f6nnen sich etwas besonderes im Alltag und lassen sich mit der Rikscha, zum Bahnhof ins Theater oder nach Hause bringen. Der Fantasie sind keine Grenzen gesetzt.<\/p>\n","protected":false},"excerpt":{"rendered":"<p>Sie k\u00f6nnen sich spontan entscheiden, oder Sie rufen uns an und vereinbaren einen Termin f\u00fcr Ihre Fahrt. Gerne laden wir Sie ein zu&hellip;<\/p>\n","protected":false},"author":1,"featured_media":0,"parent":0,"menu_order":0,"comment_status":"closed","ping_status":"closed","template":"","meta":{"footnotes":""},"_links":{"self":[{"href":"http:\/\/rikscha-freiburg.de\/index.php?rest_route=\/wp\/v2\/pages\/50"}],"collection":[{"href":"http:\/\/rikscha-freiburg.de\/index.php?rest_route=\/wp\/v2\/pages"}],"about":[{"href":"http:\/\/rikscha-freiburg.de\/index.php?rest_route=\/wp\/v2\/types\/page"}],"author":[{"embeddable":true,"href":"http:\/\/rikscha-freiburg.de\/index.php?rest_route=\/wp\/v2\/users\/1"}],"replies":[{"embeddable":true,"href":"http:\/\/rikscha-freiburg.de\/index.php?rest_route=%2Fwp%2Fv2%2Fcomments&post=50"}],"version-history":[{"count":3,"href":"http:\/\/rikscha-freiburg.de\/index.php?rest_route=\/wp\/v2\/pages\/50\/revisions"}],"predecessor-version":[{"id":270,"href":"http:\/\/rikscha-freiburg.de\/index.php?rest_route=\/wp\/v2\/pages\/50\/revisions\/270"}],"wp:attachment":[{"href":"http:\/\/rikscha-freiburg.de\/index.php?rest_route=%2Fwp%2Fv2%2Fmedia&parent=50"}],"curies":[{"name":"wp","href":"https:\/\/api.w.org\/{rel}","templated":true}]}}