{"id":34,"date":"2018-08-07T11:13:25","date_gmt":"2018-08-07T11:13:25","guid":{"rendered":"http:\/\/rikscha-freiburg.de\/?page_id=34"},"modified":"2024-02-10T11:51:25","modified_gmt":"2024-02-10T11:51:25","slug":"dreisamtal","status":"publish","type":"page","link":"http:\/\/rikscha-freiburg.de\/?page_id=34","title":{"rendered":"Dreisamtal"},"content":{"rendered":"<p>Steigen Sie ein und genie\u00dfen Sie das bezaubernde Dreisamtal. Lautlos gleiten Sie mit unserer Rikscha aus der Stadt hinaus in die Weite des Dreisamtals. Wir bieten Ihnen eine kleine und gro\u00dfe Dreisamtour.<\/p>\n<p><span class=\"uppercase\">Unsere kleine Tour <\/span> f\u00fchrt \u00fcber Ebnet, am Waldrand entlang erkunden wir Witten- und Attental, Sie haben einen herrlichen Ausblick auf die H\u00f6hen des H\u00f6llentals und auf den Schauinsland. Kurz vor Zarten biegen wir auf die alte B 31 ab und schweben Freiburg entgegen. Ein beliebter Abstecher ist die Gastst\u00e4tte am Waldsee.<\/p>\n<p><span class=\"uppercase\">Unsere gro\u00dfe Runde<\/span> f\u00fchrt Sie ebenfalls am Wald entlang \u00fcber Witten- und Attental. Wir besuchen Kirchzarten und kehren \u00fcber die S\u00fcdseite des Dreisamtals zur\u00fcck nach Freiburg. Auf unserer R\u00fcckreise kommen wir vorbei an ronantischen Schwarzwaldh\u00f6fen und haben einen freien Blick Richtung St. Peter und St. M\u00e4rgen.<\/p>\n<p><strong>Dauer kleine Tour ca. 1 Stunde, Dauer gro\u00dfe Runde ca. 2 Stunden.<\/strong><\/p>\n<p><strong>Kosten: Kleine Tour 60\u20ac gro\u00dfe Runde 110\u20ac (Preise f\u00fcr 2 Personen, Kinder umsonst)<\/strong><\/p>\n","protected":false},"excerpt":{"rendered":"<p>Steigen Sie ein und genie\u00dfen Sie das bezaubernde Dreisamtal. Lautlos gleiten Sie mit unserer Rikscha aus der Stadt hinaus in die Weite des&hellip;<\/p>\n","protected":false},"author":1,"featured_media":119,"parent":0,"menu_order":0,"comment_status":"closed","ping_status":"closed","template":"","meta":{"footnotes":""},"_links":{"self":[{"href":"http:\/\/rikscha-freiburg.de\/index.php?rest_route=\/wp\/v2\/pages\/34"}],"collection":[{"href":"http:\/\/rikscha-freiburg.de\/index.php?rest_route=\/wp\/v2\/pages"}],"about":[{"href":"http:\/\/rikscha-freiburg.de\/index.php?rest_route=\/wp\/v2\/types\/page"}],"author":[{"embeddable":true,"href":"http:\/\/rikscha-freiburg.de\/index.php?rest_route=\/wp\/v2\/users\/1"}],"replies":[{"embeddable":true,"href":"http:\/\/rikscha-freiburg.de\/index.php?rest_route=%2Fwp%2Fv2%2Fcomments&post=34"}],"version-history":[{"count":10,"href":"http:\/\/rikscha-freiburg.de\/index.php?rest_route=\/wp\/v2\/pages\/34\/revisions"}],"predecessor-version":[{"id":316,"href":"http:\/\/rikscha-freiburg.de\/index.php?rest_route=\/wp\/v2\/pages\/34\/revisions\/316"}],"wp:featuredmedia":[{"embeddable":true,"href":"http:\/\/rikscha-freiburg.de\/index.php?rest_route=\/wp\/v2\/media\/119"}],"wp:attachment":[{"href":"http:\/\/rikscha-freiburg.de\/index.php?rest_route=%2Fwp%2Fv2%2Fmedia&parent=34"}],"curies":[{"name":"wp","href":"https:\/\/api.w.org\/{rel}","templated":true}]}}