{"id":28,"date":"2018-08-07T11:12:04","date_gmt":"2018-08-07T11:12:04","guid":{"rendered":"http:\/\/rikscha-freiburg.de\/?page_id=28"},"modified":"2018-08-09T13:03:30","modified_gmt":"2018-08-09T13:03:30","slug":"ueber-mich","status":"publish","type":"page","link":"http:\/\/rikscha-freiburg.de\/?page_id=28","title":{"rendered":"\u00dcber mich"},"content":{"rendered":"<p><img loading=\"lazy\" decoding=\"async\" class=\"alignnone wp-image-219 size-large\" src=\"http:\/\/rikscha-freiburg.de\/wp-content\/uploads\/2018\/08\/DSC_9110_retok2-663x1024.jpg\" alt=\"\" width=\"663\" height=\"1024\" srcset=\"http:\/\/rikscha-freiburg.de\/wp-content\/uploads\/2018\/08\/DSC_9110_retok2.jpg 663w, http:\/\/rikscha-freiburg.de\/wp-content\/uploads\/2018\/08\/DSC_9110_retok2-194x300.jpg 194w, http:\/\/rikscha-freiburg.de\/wp-content\/uploads\/2018\/08\/DSC_9110_retok2-447x690.jpg 447w\" sizes=\"(max-width: 663px) 100vw, 663px\" \/><\/p>\n<p><strong>Guten Tag, sch\u00f6n das Sie die Seite von SchwarzwaldRikscha besuchen.<\/strong><\/p>\n<p>Ich hei\u00dfe Peter Weyel betreibe SchwarzwaldRikscha als ein Personen Unternehmen. Ich bin begeisterter Radfahrer und freue mich Ihnen Freiburg n\u00e4her zu bringen.<\/p>\n<p>Geb\u00fcrtig komme ich aus Hessen. Freiburg ist seit \u00fcber 25 Jahren meine Wahlheimat. Freiburg und Umgebung begeistert mich, mit seinen vielf\u00e4ltigen M\u00f6glichkeiten. Neben meiner Leidenschaft f\u00fcrs Rikschafahren arbeite ich als freier Schauspieler. Au\u00dferdem habe ich, eine Fortbildung bei &#8222;Freiburg erleben&#8220; zum Stadtf\u00fchrer absolviert und kenne die unterschiedlichen Seiten Freiburg seit vielen Jahren. Der Kontakt mit meinen Fahrg\u00e4sten, ist f\u00fcr mich jeden Tag eine neue inspirierende Aufgabe.<\/p>\n","protected":false},"excerpt":{"rendered":"<p>Guten Tag, sch\u00f6n das Sie die Seite von SchwarzwaldRikscha besuchen. Ich hei\u00dfe Peter Weyel betreibe SchwarzwaldRikscha als ein Personen Unternehmen. Ich bin begeisterter&hellip;<\/p>\n","protected":false},"author":1,"featured_media":0,"parent":0,"menu_order":0,"comment_status":"closed","ping_status":"closed","template":"","meta":{"footnotes":""},"_links":{"self":[{"href":"http:\/\/rikscha-freiburg.de\/index.php?rest_route=\/wp\/v2\/pages\/28"}],"collection":[{"href":"http:\/\/rikscha-freiburg.de\/index.php?rest_route=\/wp\/v2\/pages"}],"about":[{"href":"http:\/\/rikscha-freiburg.de\/index.php?rest_route=\/wp\/v2\/types\/page"}],"author":[{"embeddable":true,"href":"http:\/\/rikscha-freiburg.de\/index.php?rest_route=\/wp\/v2\/users\/1"}],"replies":[{"embeddable":true,"href":"http:\/\/rikscha-freiburg.de\/index.php?rest_route=%2Fwp%2Fv2%2Fcomments&post=28"}],"version-history":[{"count":5,"href":"http:\/\/rikscha-freiburg.de\/index.php?rest_route=\/wp\/v2\/pages\/28\/revisions"}],"predecessor-version":[{"id":222,"href":"http:\/\/rikscha-freiburg.de\/index.php?rest_route=\/wp\/v2\/pages\/28\/revisions\/222"}],"wp:attachment":[{"href":"http:\/\/rikscha-freiburg.de\/index.php?rest_route=%2Fwp%2Fv2%2Fmedia&parent=28"}],"curies":[{"name":"wp","href":"https:\/\/api.w.org\/{rel}","templated":true}]}}